{"id":1273,"date":"2021-10-21T12:42:13","date_gmt":"2021-10-21T12:42:13","guid":{"rendered":"https:\/\/swissbeddingsmol.be\/?page_id=1273"},"modified":"2026-01-04T06:21:48","modified_gmt":"2026-01-04T06:21:48","slug":"contact","status":"publish","type":"page","link":"https:\/\/belbed.be\/fr\/contact\/","title":{"rendered":"Contact"},"content":{"rendered":"<body>\n\n\t<section class=\"section\" id=\"section_233357842\">\n\t\t<div class=\"section-bg fill\" >\n\t\t\t\t\t\t\t\t\t\n\t\t\t\n\n\t\t<\/div>\n\n\t\t\n\n\t\t<div class=\"section-content relative\">\n\t\t\t\n\n<div class=\"row row-collapse row-full-width align-middle\"  id=\"row-1669036685\">\n\n\n\t<div id=\"col-1464940383\" class=\"col medium-12 small-12 large-6 medium-col-first\"  >\n\t\t\t\t<div class=\"col-inner\"  >\n\t\t\t\n\t\t\t\n\n\n  <div class=\"banner has-hover\" id=\"banner-1681798247\">\n          <div class=\"banner-inner fill\">\n        <div class=\"banner-bg fill\" >\n            <img loading=\"lazy\" decoding=\"async\" width=\"1080\" height=\"1080\" src=\"https:\/\/i0.wp.com\/belbed.be\/wp-content\/uploads\/2024\/02\/swissbedding-mol-toonzaal.jpg?fit=1080%2C1080&amp;ssl=1\" class=\"bg attachment-large size-large\" alt=\"\" \/>                                    \n                    <\/div>\n\t\t\n        <div class=\"banner-layers container\">\n            <div class=\"fill banner-link\"><\/div>            \n\n   <div id=\"text-box-706413775\" class=\"text-box banner-layer x50 md-x50 lg-x50 y50 md-y50 lg-y50 res-text\">\n                                <div class=\"text-box-content text dark\">\n              \n              <div class=\"text-inner text-center\">\n                  \n\n\n              <\/div>\n           <\/div>\n                            \n<style>\n#text-box-706413775 {\n  width: 60%;\n}\n#text-box-706413775 .text-box-content {\n  font-size: 100%;\n}\n<\/style>\n    <\/div>\n \n\n        <\/div>\n      <\/div>\n\n            \n<style>\n#banner-1681798247 {\n  padding-top: 99.99%;\n  background-color: rgba(255, 255, 255, 0);\n}\n#banner-1681798247 .banner-bg img {\n  object-position: 55% 42%;\n}\n@media (min-width:550px) {\n  #banner-1681798247 {\n    padding-top: 400px;\n  }\n}\n@media (min-width:850px) {\n  #banner-1681798247 {\n    padding-top: 99.99%;\n  }\n}\n<\/style>\n  <\/div>\n\n\n\n\t\t<\/div>\n\t\t\t\t\t<\/div>\n\n\t\n\n\t<div id=\"col-1845419974\" class=\"col medium-12 small-12 large-6\"  >\n\t\t\t\t<div class=\"col-inner\"  >\n\t\t\t\n\t\t\t\n\n<div class=\"row\"  id=\"row-835910057\">\n\n\n\t<div id=\"col-223505810\" class=\"col medium-12 small-12 large-10\"  >\n\t\t\t\t<div class=\"col-inner\"  >\n\t\t\t\n\t\t\t\n\n\t<div id=\"text-3486078618\" class=\"text\">\n\t\t\n\n<h2>\u00c0 Propos de Nous<\/h2>\n\t\t\n<style>\n#text-3486078618 {\n  font-size: 1.5rem;\n}\n<\/style>\n\t<\/div>\n\t\n<p>Chez Swissbedding, nous poss\u00e9dons une vaste connaissance du secteur du sommeil depuis plus de 50 ans. Gr\u00e2ce \u00e0 nos ann\u00e9es d'exp\u00e9rience, nous maintenons toujours notre qualit\u00e9 au-dessus du sommet.<\/p>\n<div class=\"is-divider divider clearfix\" style=\"margin-top:1.5em;margin-bottom:1.5em;max-width:150px;background-color:rgb(194, 220, 230);\"><\/div>\n\n<div class=\"row row-small\"  id=\"row-572200918\">\n\n\n\t<div id=\"col-2049511743\" class=\"col small-12 large-12\"  >\n\t\t\t\t<div class=\"col-inner\"  >\n\t\t\t\n\t\t\t\n\n\n\t\t<div class=\"icon-box featured-box icon-box-top text-left\"  >\n\t\t\t\t<div class=\"icon-box-text last-reset\">\n\t\t\t\t\t\t\t\t\t\n\n<h4>\u2018Everything starts with a good sleep\u2019<\/h4>\n<p>Notre slogan dit tout : tout commence par un bon sommeil. Mais trouver le bon matelas n\u2019est pas si simple. Chez Swissbedding, nous guidons tous nos clients vers une nuit de sommeil parfaite.<\/p>\n<p>Trouver un nouveau matelas ou un nouveau sommier n'a jamais \u00e9t\u00e9 aussi simple qu'avec Swissbedding. Nos experts se feront un plaisir de vous aider. Rendez-vous dans l\u2019un de nos magasins pour b\u00e9n\u00e9ficier de conseils experts et sur mesure.<\/p>\n\n\t\t<\/div>\n\t<\/div>\n\t\n\t\n\n\t\t<\/div>\n\t\t\t\t\t<\/div>\n\n\t\n\n<\/div>\n\n\t\t<\/div>\n\t\t\t\t\t<\/div>\n\n\t\n\n<\/div>\n\n\t\t<\/div>\n\t\t\t\t\n<style>\n#col-1845419974 > .col-inner {\n  padding: 30px 30px 30px 30px;\n}\n@media (min-width:850px) {\n  #col-1845419974 > .col-inner {\n    padding: 0px 0px 0px 15%;\n  }\n}\n<\/style>\n\t<\/div>\n\n\t\n\n<\/div>\n\n\t\t<\/div>\n\n\t\t\n<style>\n#section_233357842 {\n  padding-top: 0px;\n  padding-bottom: 0px;\n}\n<\/style>\n\t<\/section>\n\t\n\t<div id=\"gap-1159936652\" class=\"gap-element clearfix\" style=\"display:block; height:auto;\">\n\t\t\n<style>\n#gap-1159936652 {\n  padding-top: 60px;\n}\n<\/style>\n\t<\/div>\n\t\n\n<div class=\"row row-collapse row-full-width\"  id=\"row-1387172354\">\n\n\n\t<div id=\"col-956852359\" class=\"col small-12 large-12\"  >\n\t\t\t\t<div class=\"col-inner\"  >\n\t\t\t\n\t\t\t\n\n\n\t\t<\/div>\n\t\t\t\t\n<style>\n#col-956852359 > .col-inner {\n  padding: 0px 30px 0px 30px;\n}\n<\/style>\n\t<\/div>\n\n\t\n\n<\/div>\n<div class=\"row row-large\"  id=\"row-661201517\">\n\n\n\t<div id=\"col-642222599\" class=\"col small-12 large-12\"  >\n\t\t\t\t<div class=\"col-inner\" style=\"background-color:rgb(255, 255, 255);\" >\n\t\t\t\n\t\t\t\n\n<div class=\"row row-collapse row-full-width\"  id=\"row-1173370304\">\n\n\n\t<div id=\"col-782191474\" class=\"col medium-12 small-12 large-12\"  >\n\t\t\t\t<div class=\"col-inner\"  >\n\t\t\t\n\t\t\t\n\n<h2><span style=\"font-size: 120%;\">Contactez-Nous<\/span><\/h2>\n\t<div id=\"gap-1918368436\" class=\"gap-element clearfix\" style=\"display:block; height:auto;\">\n\t\t\n<style>\n#gap-1918368436 {\n  padding-top: 20px;\n}\n@media (min-width:550px) {\n  #gap-1918368436 {\n    padding-top: 20px;\n  }\n}\n@media (min-width:850px) {\n  #gap-1918368436 {\n    padding-top: 30px;\n  }\n}\n<\/style>\n\t<\/div>\n\t\n\n<div class=\"row\"  id=\"row-497655625\">\n\n\n\t<div id=\"col-574197498\" class=\"col medium-4 small-12 large-4\"  >\n\t\t\t\t<div class=\"col-inner\"  >\n\t\t\t\n\t\t\t\n\n\t<div id=\"text-968960738\" class=\"text\">\n\t\t\n\n<p><strong><br>\n  <a href=\"https:\/\/www.google.com\/maps\/search\/?api=1&amp;query=Bergensesteenweg+80,+1651+Lot,+Belgi%C3%AB\" style=\"text-decoration:underline;\"><br>\n    Winkel Lot<br>\n  <\/a><br>\n<\/strong><br>\nBergensesteenweg 80, 1651 Lot<\/p>\n<p><strong>Heures d 'ouverture<\/strong><br>\nMaandag tot Zondag<br>\n10:00 \u2013 18:00<\/p>\n<p><a href=\"tel: 3222315303\" style=\"text-decoration:none;\"><br>\n  \u260e\ufe0f 022 31 53 03 (Lot)<br>\n<\/a><\/p>\n<p><a href=\"mailto:swissbeddinglot@gmail.com\" style=\"text-decoration:none;\"><br>\n  \u2709\ufe0f swissbeddinglot@gmail.com<br>\n<\/a><\/p>\n\n\t\t\n<style>\n#text-968960738 {\n  line-height: 1.2;\n  color: rgb(0,0,0);\n}\n#text-968960738 > * {\n  color: rgb(0,0,0);\n}\n<\/style>\n\t<\/div>\n\t\n\n\t\t<\/div>\n\t\t\t\t\t<\/div>\n\n\t\n\n\t<div id=\"col-1337646832\" class=\"col medium-4 small-12 large-4\"  >\n\t\t\t\t<div class=\"col-inner\"  >\n\t\t\t\n\t\t\t\n\n\t<div id=\"text-3223469674\" class=\"text\">\n\t\t\n\n<p><strong><br>\n  <a href=\"https:\/\/www.google.com\/maps\/search\/?api=1&amp;query=Hotelstraat+11b,+2260+Westerlo,+Belgi%C3%AB\" style=\"color:#000000; text-decoration:underline;\"><br>\n    Winkel Westerlo<br>\n  <\/a><br>\n<\/strong><br>\nHotelstraat 11b, 2260 Westerlo<\/p>\n<p><strong>Heures d 'ouverture<\/strong><br>\nMaandag tot Zondag<br>\n10:00 \u2013 18:00<\/p>\n<p><a href=\"tel: 3222315303\" style=\"color:#000000; text-decoration:none;\"><br>\n  \u260e\ufe0f 022 31 53 03 (Westerlo)<br>\n<\/a><\/p>\n<p><a href=\"mailto:swissbeddingwesterlo@gmail.com\" style=\"color:#000000; text-decoration:none;\"><br>\n  \u2709\ufe0f swissbeddingwesterlo@gmail.com<br>\n<\/a><\/p>\n\n\t\t\n<style>\n#text-3223469674 {\n  line-height: 1.2;\n  color: rgb(0,0,0);\n}\n#text-3223469674 > * {\n  color: rgb(0,0,0);\n}\n<\/style>\n\t<\/div>\n\t\n\n\t\t<\/div>\n\t\t\t\t\t<\/div>\n\n\t\n\n\t<div id=\"col-227886285\" class=\"col medium-4 small-12 large-4\"  >\n\t\t\t\t<div class=\"col-inner\"  >\n\t\t\t\n\t\t\t\n\n\t<div id=\"text-2974900367\" class=\"text\">\n\t\t\n\n<p><strong><br>\n  <a href=\"https:\/\/www.google.com\/maps\/search\/?api=1&amp;query=Donk+111,+2400+Mol,+Belgi%C3%AB\" style=\"text-decoration:underline;\"><br>\n    Winkel Mol<br>\n  <\/a><br>\n<\/strong><br>\nDonk 111, 2400 Mol<\/p>\n<p><strong>Heures d 'ouverture<\/strong><br>\nMaandag tot Zondag<br>\n10:00 \u2013 18:00<\/p>\n<p><a href=\"tel: 3214699749\" style=\"text-decoration:none;\"><br>\n  \u260e\ufe0f 014 69 97 49 (Mol)<br>\n<\/a><\/p>\n<p><a href=\"mailto:swissbeddingmol@gmail.com\" style=\"text-decoration:none;\"><br>\n  \u2709\ufe0f swissbeddingmol@gmail.com<br>\n<\/a><\/p>\n\n\t\t\n<style>\n#text-2974900367 {\n  line-height: 1.2;\n  color: rgb(0,0,0);\n}\n#text-2974900367 > * {\n  color: rgb(0,0,0);\n}\n<\/style>\n\t<\/div>\n\t\n\n\t\t<\/div>\n\t\t\t\t\t<\/div>\n\n\t\n\n<\/div>\n\n\t\t<\/div>\n\t\t\t\t\n<style>\n#col-782191474 > .col-inner {\n  padding: 0px 0px 0px 20px;\n}\n<\/style>\n\t<\/div>\n\n\t\n\n\n<style>\n#row-1173370304 > .col > .col-inner {\n  padding: 0px 15px 0px 15px;\n}\n<\/style>\n<\/div>\n\n\t\t<\/div>\n\t\t\t\t\n<style>\n#col-642222599 > .col-inner {\n  padding: 50px 20px 0px 20px;\n  margin: -0 0px 0px 0px;\n}\n@media (min-width:550px) {\n  #col-642222599 > .col-inner {\n    padding: 50px 20px 30px 20px;\n    margin: 0 0px 0px 0px;\n  }\n}\n@media (min-width:850px) {\n  #col-642222599 > .col-inner {\n    padding: 66px 5% 16px 5%;\n    margin: -135px 0px 0px 0px;\n  }\n}\n<\/style>\n\t<\/div>\n\n\t\n\n<\/div>\n<div class=\"row\"  id=\"row-1452455052\">\n\n\n\t<div id=\"col-1930868090\" class=\"col small-12 large-12\"  >\n\t\t\t\t<div class=\"col-inner\"  >\n\t\t\t\n\t\t\t\n\n\t<div id=\"text-2890666535\" class=\"text\">\n\t\t\n\n<p><b>Informations sur la soci\u00e9t\u00e9:<\/b><br>\nAydem Trade BV<br>\nBE 0769.277.207<\/p>\n\t\t\n<style>\n#text-2890666535 {\n  text-align: left;\n}\n<\/style>\n\t<\/div>\n\t\n\n\t\t<\/div>\n\t\t\t\t\n<style>\n#col-1930868090 > .col-inner {\n  padding: 0px 0px 0px 0px;\n  margin: 0px 0px 0px 40px;\n}\n<\/style>\n\t<\/div>\n\n\t\n\n\n<style>\n#row-1452455052 > .col > .col-inner {\n  padding: 20px 0px 0px 0px;\n}\n<\/style>\n<\/div>\n\n<\/body>","protected":false},"excerpt":{"rendered":"","protected":false},"author":1,"featured_media":0,"parent":0,"menu_order":0,"comment_status":"closed","ping_status":"closed","template":"","meta":{"nf_dc_page":"","om_disable_all_campaigns":false,"_monsterinsights_skip_tracking":false,"_monsterinsights_sitenote_active":false,"_monsterinsights_sitenote_note":"","_monsterinsights_sitenote_category":0,"_joinchat":[],"footnotes":""},"class_list":["post-1273","page","type-page","status-publish","hentry"],"aioseo_notices":[],"jetpack_sharing_enabled":true,"_links":{"self":[{"href":"https:\/\/belbed.be\/fr\/wp-json\/wp\/v2\/pages\/1273","targetHints":{"allow":["GET"]}}],"collection":[{"href":"https:\/\/belbed.be\/fr\/wp-json\/wp\/v2\/pages"}],"about":[{"href":"https:\/\/belbed.be\/fr\/wp-json\/wp\/v2\/types\/page"}],"author":[{"embeddable":true,"href":"https:\/\/belbed.be\/fr\/wp-json\/wp\/v2\/users\/1"}],"replies":[{"embeddable":true,"href":"https:\/\/belbed.be\/fr\/wp-json\/wp\/v2\/comments?post=1273"}],"version-history":[{"count":5,"href":"https:\/\/belbed.be\/fr\/wp-json\/wp\/v2\/pages\/1273\/revisions"}],"predecessor-version":[{"id":2885,"href":"https:\/\/belbed.be\/fr\/wp-json\/wp\/v2\/pages\/1273\/revisions\/2885"}],"wp:attachment":[{"href":"https:\/\/belbed.be\/fr\/wp-json\/wp\/v2\/media?parent=1273"}],"curies":[{"name":"wp","href":"https:\/\/api.w.org\/{rel}","templated":true}]}}